{"id":9314,"date":"2024-03-20T23:08:42","date_gmt":"2024-03-20T23:08:42","guid":{"rendered":"http:\/\/www.adepac.org\/inicio\/?page_id=9314"},"modified":"2026-01-31T23:01:22","modified_gmt":"2026-01-31T23:01:22","slug":"resumenes-de-la-obra-competa-de-c-g-jung","status":"publish","type":"page","link":"https:\/\/www.adepac.org\/inicio\/resumenes-de-la-obra-competa-de-c-g-jung\/","title":{"rendered":"Res\u00famenes Jung"},"content":{"rendered":"<div class=\"wp-block-image\">\n<figure class=\"aligncenter size-large is-resized\"><a href=\"http:\/\/www.adepac.org\/wp-content\/uploads\/2024\/03\/Obra-Completa-Jung-scaled.jpg\"><img loading=\"lazy\" decoding=\"async\" width=\"1024\" height=\"768\" src=\"http:\/\/www.adepac.org\/wp-content\/uploads\/2024\/03\/Obra-Completa-Jung-1024x768.jpg\" alt=\"\" class=\"wp-image-9315\" style=\"width:447px;height:auto\" srcset=\"https:\/\/www.adepac.org\/wp-content\/uploads\/2024\/03\/Obra-Completa-Jung-1024x768.jpg 1024w, https:\/\/www.adepac.org\/wp-content\/uploads\/2024\/03\/Obra-Completa-Jung-300x225.jpg 300w, https:\/\/www.adepac.org\/wp-content\/uploads\/2024\/03\/Obra-Completa-Jung-768x576.jpg 768w, https:\/\/www.adepac.org\/wp-content\/uploads\/2024\/03\/Obra-Completa-Jung-1536x1152.jpg 1536w, https:\/\/www.adepac.org\/wp-content\/uploads\/2024\/03\/Obra-Completa-Jung-2048x1536.jpg 2048w\" sizes=\"auto, (max-width: 1024px) 100vw, 1024px\" \/><\/a><\/figure>\n<\/div>\n\n\n<p>Esta secci\u00f3n re\u00fane <strong>res\u00famenes sistem\u00e1ticos de la Obra Completa de C. G. Jung<\/strong>, organizados por vol\u00famenes, con el prop\u00f3sito de ofrecer una <strong>orientaci\u00f3n clara y progresiva<\/strong> a lectores, estudiantes y analistas interesados en su estudio.<\/p>\n\n\n\n<p>El material se basa en la traducci\u00f3n y adaptaci\u00f3n al castellano de una obra de referencia en ingl\u00e9s dedicada a presentar los <strong>contenidos fundamentales de cada volumen<\/strong>, respetando la estructura general de la edici\u00f3n de la <em>Obra Completa<\/em>. Estos res\u00famenes no sustituyen la lectura directa de Jung, sino que buscan <strong>facilitar el acceso<\/strong>, situar los textos en su contexto y ayudar a comprender la articulaci\u00f3n interna de su pensamiento.<\/p>\n\n\n\n<p>La secci\u00f3n se encuentra en <strong>proceso de construcci\u00f3n y ampliaci\u00f3n continua<\/strong>, incorporando nuevos vol\u00famenes de manera peri\u00f3dica. Su funci\u00f3n principal es servir como <strong>gu\u00eda de lectura<\/strong>, apoyo al estudio sistem\u00e1tico y referencia introductoria para quienes se enfrentan a la magnitud y complejidad de la obra jungiana.<\/p>\n\n\n\n<p class=\"has-text-align-center\"><strong>__________________________________________<\/strong><\/p>\n\n\n\n<p><em><strong>Volumen 1. Estudios psiqui\u00e1tricos<\/strong><\/em><\/p>\n\n\n\n<ul class=\"wp-block-list\">\n<li><a href=\"https:\/\/www.adepac.org\/inicio\/volumen-1-estudios-psiquiatricos-resumen-2\/\">Estudios psiqui\u00e1tricos<\/a><\/li>\n<\/ul>\n\n\n\n<p><strong>Volumen 2. Investigaciones experimentales<\/strong><\/p>\n\n\n\n<ul class=\"wp-block-list\">\n<li><a href=\"https:\/\/www.adepac.org\/inicio\/volumen-2-investigaciones-experimentales-carl-g-jung-i-estudios-diagnosticos-de-asociacion-resumen\/\">Investigaciones experimentales<\/a><\/li>\n<\/ul>\n\n\n\n<p><strong>Volumen 3. Psicog\u00e9nesis de las enfermedades mentales<\/strong><\/p>\n\n\n\n<ul class=\"wp-block-list\">\n<li><a href=\"https:\/\/www.adepac.org\/inicio\/volumen-3-psicogenesis-de-las-enfermedades-mentales-resumen\/\">Psicog\u00e9nesis de las enfermedades mentales<\/a><\/li>\n<\/ul>\n\n\n\n<p><em><strong>Volumen 4. Freud y el psicoan\u00e1lisis<\/strong><\/em><\/p>\n\n\n\n<ul class=\"wp-block-list\">\n<li><a href=\"https:\/\/www.adepac.org\/inicio\/volumen-4-freud-y-el-psicoanalisis-carl-g-jung-parte-1-i-freud-y-el-psicoanalisis-resumen\/\">Parte 1 <\/a><\/li>\n\n\n\n<li><a href=\"https:\/\/www.adepac.org\/inicio\/volumen-4-freud-y-el-psicoanalisis-carl-g-jung-parte-2-resumen\/\">Parte 2 <\/a><\/li>\n<\/ul>\n\n\n\n<p><em><strong>Volumen 5. S\u00edmbolos de transformaci\u00f3n<\/strong><\/em><\/p>\n\n\n\n<ul class=\"wp-block-list\">\n<li><a href=\"https:\/\/www.adepac.org\/inicio\/volumen-5-simbolos-de-transformacion-resumen\/\">S\u00edmbolos de transformaci\u00f3n <\/a><\/li>\n<\/ul>\n\n\n\n<p><em><strong>Volumen 6. Tipos Psicol\u00f3gicos<\/strong><\/em><\/p>\n\n\n\n<ul class=\"wp-block-list\">\n<li><a href=\"https:\/\/www.adepac.org\/inicio\/volumen-6-tipos-psicologicos-resumen\/\">Tipos Psicol\u00f3gicos <\/a><\/li>\n<\/ul>\n\n\n\n<p><em><strong>Volumen 7. Dos escritos sobre Psicolog\u00eda Anal\u00edtica<\/strong><\/em><\/p>\n\n\n\n<ul class=\"wp-block-list\">\n<li>I. <a href=\"http:\/\/www.adepac.org\/inicio\/sobre-la-psicologia-de-lo-inconsciente-resumen-carl-g-jung\/\">Sobre la psicolog\u00eda de lo inconsciente<\/a><\/li>\n\n\n\n<li>II. Las relaciones entre el yo y el inconsciente<\/li>\n\n\n\n<li><a href=\"http:\/\/www.adepac.org\/inicio\/las-relaciones-entre-el-yo-y-el-inconsciente-resumen-carl-g-jung-parte-1\/\">Parte 1 &#8211; El influjo de lo inconsciente en la consciencia<\/a><\/li>\n\n\n\n<li><a href=\"http:\/\/www.adepac.org\/inicio\/las-relaciones-entre-el-yo-y-el-inconsciente-resumen-carl-g-jung-parte-2\/\">Parte 2 &#8211; La individuaci\u00f3n y Ap\u00e9ndices<\/a><\/li>\n<\/ul>\n\n\n\n<p><\/p>\n\n\n\n<p><strong><em>Volumen 16. La pr\u00e1ctica de la psicoterapia <\/em><\/strong><\/p>\n\n\n\n<ul class=\"wp-block-list\">\n<li><a href=\"http:\/\/www.adepac.org\/inicio\/volumen-16-la-practica-de-la-psicoterapia-carl-g-jung-parte-1-problemas-generales-de-la-psicoterapia-resumen\/\">Parte 1: Problemas generales de la psicoterapia<\/a><\/li>\n\n\n\n<li><a href=\"https:\/\/www.adepac.org\/inicio\/volumen-16-la-practica-de-la-psicoterapia-carl-g-jung-parte-2-problemas-especiales-de-la-psicoterapia-resumen\/\">Parte 2: Problemas especiales de la psicoterapia<\/a><\/li>\n<\/ul>\n\n\n\n<p><strong><em>Volumen 17. Sobre el desarrolla de la personalidad<\/em><\/strong><\/p>\n\n\n\n<ul class=\"wp-block-list\">\n<li><a href=\"https:\/\/www.adepac.org\/inicio\/volumen-17-sobre-el-desarrollo-de-la-personalidad-carl-g-jung-resumen\/\">Sobre el desarrollo de la personalidad<\/a><\/li>\n<\/ul>\n","protected":false},"excerpt":{"rendered":"<p>Esta secci\u00f3n re\u00fane res\u00famenes sistem\u00e1ticos de la Obra Completa de C. G. Jung, organizados por vol\u00famenes, con el prop\u00f3sito de ofrecer una orientaci\u00f3n clara y progresiva a lectores, estudiantes y analistas interesados en su estudio. El material se basa en &hellip; <a href=\"https:\/\/www.adepac.org\/inicio\/resumenes-de-la-obra-competa-de-c-g-jung\/\">Sigue leyendo <span class=\"meta-nav\">&rarr;<\/span><\/a><\/p>\n","protected":false},"author":1,"featured_media":0,"parent":0,"menu_order":0,"comment_status":"closed","ping_status":"closed","template":"","meta":{"footnotes":""},"class_list":["post-9314","page","type-page","status-publish","hentry"],"_links":{"self":[{"href":"https:\/\/www.adepac.org\/inicio\/wp-json\/wp\/v2\/pages\/9314","targetHints":{"allow":["GET"]}}],"collection":[{"href":"https:\/\/www.adepac.org\/inicio\/wp-json\/wp\/v2\/pages"}],"about":[{"href":"https:\/\/www.adepac.org\/inicio\/wp-json\/wp\/v2\/types\/page"}],"author":[{"embeddable":true,"href":"https:\/\/www.adepac.org\/inicio\/wp-json\/wp\/v2\/users\/1"}],"replies":[{"embeddable":true,"href":"https:\/\/www.adepac.org\/inicio\/wp-json\/wp\/v2\/comments?post=9314"}],"version-history":[{"count":15,"href":"https:\/\/www.adepac.org\/inicio\/wp-json\/wp\/v2\/pages\/9314\/revisions"}],"predecessor-version":[{"id":10182,"href":"https:\/\/www.adepac.org\/inicio\/wp-json\/wp\/v2\/pages\/9314\/revisions\/10182"}],"wp:attachment":[{"href":"https:\/\/www.adepac.org\/inicio\/wp-json\/wp\/v2\/media?parent=9314"}],"curies":[{"name":"wp","href":"https:\/\/api.w.org\/{rel}","templated":true}]}}