{"id":767,"date":"2013-06-29T13:03:14","date_gmt":"2013-06-29T18:03:14","guid":{"rendered":"http:\/\/adepacolombia.wordpress.com\/?page_id=767"},"modified":"2013-09-19T14:34:45","modified_gmt":"2013-09-19T14:34:45","slug":"diosas-griegas","status":"publish","type":"page","link":"https:\/\/www.adepac.org\/inicio\/articulos-2\/mitos-europeos\/diosas-griegas\/","title":{"rendered":"Diosas Griegas"},"content":{"rendered":"<div id=\"profile\">\n<h3>Afrodita (Venus romana)<\/h3>\n<p><img loading=\"lazy\" decoding=\"async\" alt=\"\" src=\"http:\/\/www.adepac.org\/imagenes\/afroditaOK.jpg\" width=\"158\" height=\"204\" \/><\/span><\/p>\n<h4>Diosa del amor y la belleza. Naci\u00f3 del mar, donde cayeron los genitales de Urano. Esposa infiel de Hefesto, el dios cojo de la forja, tuvo muchas aventuras amorosas y numerosa descendencia de sus abundantes relaciones. Ares, el dios de la guerra, Hermes, el mensajero de los dioses y Anquises, padre de Eneas, fueron algunos de sus m\u00e1s notables amantes.<\/h4>\n<\/div>\n<div id=\"profile\">\n<h3>Artemisa (Diana romana)<\/h3>\n<p><img loading=\"lazy\" decoding=\"async\" alt=\"\" src=\"http:\/\/www.adepac.org\/imagenes\/artemisaOK.jpg\" width=\"163\" height=\"242\" \/><\/p>\n<h4>Diosa de la caza y de la luna. Fue una de las tres diosas v\u00edrgenes, hija de Zeus y de Leto, y hermana gemela de Apolo, dios del sol. Llevaba siempre consigo su arco y sus flechas, y cuidaba de los animales j\u00f3venes. Algunas veces representaba lo femenino y otras veces lo masculino. Cuando montaba en c\u00f3lera, su venganza era simple y directa.<\/h4>\n<\/div>\n<div id=\"profile\">\n<h3>Atenea (Minerva romana)<\/h3>\n<div align=\"center\"><span style=\"color: #000000;\"><img loading=\"lazy\" decoding=\"async\" alt=\"\" src=\"http:\/\/www.adepac.org\/imagenes\/ateneaOK.jpg\" width=\"163\" height=\"200\" \/><\/span><\/div>\n<h4>Diosa virgen de la sabidur\u00eda y de la artesan\u00eda, patrona de la ciudad de Atenas, y protectora de numerosos h\u00e9roes. Habitualmente se la representaba con una armadura y se la reconoc\u00eda como la mejor estratega en el campo de batalla. S\u00f3lo reconoci\u00f3 a uno de sus padres, Zeus, pero tambi\u00e9n era considerada hija de Metis, la primera consorte de Zeus.<\/h4>\n<\/div>\n<div id=\"profile\">\n<h3>Demeter (Ceres romana)<\/h3>\n<p><img loading=\"lazy\" decoding=\"async\" alt=\"\" src=\"http:\/\/www.adepac.org\/imagenes\/demeterOK.jpg\" width=\"161\" height=\"186\" \/><\/p>\n<h4>Hija de Cronos y Rea. Es la diosa de las cosechas o de la agricultura. En su principal mito se acent\u00faa su papel como madre de Pers\u00e9fone, cuando Hades la secuestr\u00f3 al mundo subterr\u00e1neo, haciendo que las plantas dejaran de crecer hasta tanto su hija no regresara. En su b\u00fasqueda, se disfraz\u00f3 de anciana en Eleusis en donde levantaron un templo en su honor, tan pronto como revel\u00f3 su identidad.<\/h4>\n<\/div>\n<div id=\"profile\">\n<h3>Hera (Juno romana)<\/h3>\n<p><img loading=\"lazy\" decoding=\"async\" alt=\"\" src=\"http:\/\/www.adepac.org\/imagenes\/heraOK.jpg\" width=\"161\" height=\"206\" \/><\/p>\n<h4>Diosa del matrimonio. Como consorte oficial y esposa de Zeus, era la primera diosa del Olimpo en la jerarqu\u00eda de las diosas. Hija de Cronos y de Rea, era tambi\u00e9n hermana de Zeus y pertenec\u00eda a la primera generaci\u00f3n de dioses del Olimpo. Descrita por Homero como una arp\u00eda celosa. Madre de Ares, Hebe y Hefestos. A este \u00faltimo lo concibi\u00f3 sin ayuda de su esposo.<\/h4>\n<\/div>\n<div id=\"profile\">\n<h3>Hestia (Vesta romana)<\/h3>\n<p><img loading=\"lazy\" decoding=\"async\" alt=\"\" src=\"http:\/\/www.adepac.org\/imagenes\/hestiaOK.jpg\" width=\"160\" height=\"202\" \/><\/p>\n<h4>Primera hija nacida de Cronos y Rea, era la diosa virgen del fuego del hogar.\u00a0<strong>Su fuego hac\u00eda de casas y templos, lugares sagrados.\u00a0<\/strong>Es la menos conocida de las diosas del Olimpo en la mitolog\u00eda, pero era muy importante para el pueblo griego. Todas las ciudades ten\u00edan un hogar p\u00fablico dedicado a ella.<\/h4>\n<\/div>\n<div id=\"profile\">\n<h3>Pers\u00e9fone (Cor\u00e9 o Proserpina romanas)<\/h3>\n<p><img loading=\"lazy\" decoding=\"async\" alt=\"\" src=\"http:\/\/www.adepac.org\/imagenes\/persefoneOK.jpg\" width=\"168\" height=\"192\" \/><\/p>\n<h4>Hija de Demeter, raptada por Hades, que la convirti\u00f3 en reina del mundo subterr\u00e1neo. Ante las quejas de Dem\u00e9ter ante Zeus para recobrar a su hija, Hades se convenci\u00f3 que deb\u00eda devolverla, pero antes de hacerlo Pers\u00e9fone comi\u00f3 semillas de una granada, por lo que se vio obligada a permanecer un tiempo en el infierno y otro en el Olimpo con su madre.<\/h4>\n<\/div>\n","protected":false},"excerpt":{"rendered":"<p>Afrodita (Venus romana) Diosa del amor y la belleza. Naci\u00f3 del mar, donde cayeron los genitales de Urano. Esposa infiel de Hefesto, el dios cojo de la forja, tuvo muchas aventuras amorosas y numerosa descendencia de sus abundantes relaciones. Ares, &hellip; <a href=\"https:\/\/www.adepac.org\/inicio\/articulos-2\/mitos-europeos\/diosas-griegas\/\">Sigue leyendo <span class=\"meta-nav\">&rarr;<\/span><\/a><\/p>\n","protected":false},"author":2,"featured_media":0,"parent":763,"menu_order":2,"comment_status":"open","ping_status":"open","template":"","meta":{"footnotes":""},"class_list":["post-767","page","type-page","status-publish","hentry"],"_links":{"self":[{"href":"https:\/\/www.adepac.org\/inicio\/wp-json\/wp\/v2\/pages\/767","targetHints":{"allow":["GET"]}}],"collection":[{"href":"https:\/\/www.adepac.org\/inicio\/wp-json\/wp\/v2\/pages"}],"about":[{"href":"https:\/\/www.adepac.org\/inicio\/wp-json\/wp\/v2\/types\/page"}],"author":[{"embeddable":true,"href":"https:\/\/www.adepac.org\/inicio\/wp-json\/wp\/v2\/users\/2"}],"replies":[{"embeddable":true,"href":"https:\/\/www.adepac.org\/inicio\/wp-json\/wp\/v2\/comments?post=767"}],"version-history":[{"count":11,"href":"https:\/\/www.adepac.org\/inicio\/wp-json\/wp\/v2\/pages\/767\/revisions"}],"predecessor-version":[{"id":2310,"href":"https:\/\/www.adepac.org\/inicio\/wp-json\/wp\/v2\/pages\/767\/revisions\/2310"}],"up":[{"embeddable":true,"href":"https:\/\/www.adepac.org\/inicio\/wp-json\/wp\/v2\/pages\/763"}],"wp:attachment":[{"href":"https:\/\/www.adepac.org\/inicio\/wp-json\/wp\/v2\/media?parent=767"}],"curies":[{"name":"wp","href":"https:\/\/api.w.org\/{rel}","templated":true}]}}