{"id":287,"date":"2013-06-20T15:39:41","date_gmt":"2013-06-20T20:39:41","guid":{"rendered":"http:\/\/adepacolombia.wordpress.com\/?page_id=287"},"modified":"2023-09-05T21:20:50","modified_gmt":"2023-09-05T21:20:50","slug":"centros-divulgacion","status":"publish","type":"page","link":"https:\/\/www.adepac.org\/inicio\/enlaces\/en-espanol\/centros-divulgacion\/","title":{"rendered":"Divulgaci\u00f3n"},"content":{"rendered":"<h4 style=\"text-align: justify;\">Adem\u00e1s de las sociedades, asociaciones e institutos aprobados por la Asociaci\u00f3n Internacional de Psicolog\u00eda Anal\u00edtica IAAP, existen otros centros de divulgaci\u00f3n del pensamiento junguiano.<\/h4>\n<h3 align=\"justify\"><strong><span style=\"font-size: small; color: #800000;\"><span style=\"font-family: 'Arial Narrow';\">ARGENTINA<\/span><\/span><\/strong><\/h3>\n<blockquote>\n<p align=\"justify\">\n<p style=\"text-align: center;\" align=\"justify\"><span style=\"color: #000000;\"><strong style=\"font-size: small; line-height: 1.5;\"><span style=\"font-family: 'Arial Narrow';\"><strong>Centro Jung de Buenos Aires<\/strong><\/span><\/strong><\/span><\/p>\n<p style=\"text-align: center;\"><img loading=\"lazy\" decoding=\"async\" class=\"\" src=\"http:\/\/www.adepac.org\/imagenes\/LogoCentroBsAs.gif\" alt=\"\" width=\"84\" height=\"118\" \/><\/p>\n<p style=\"text-align: center;\" align=\"justify\"><span style=\"font-size: small;\"><strong><span style=\"color: #3c4c9a; font-family: 'Arial Narrow';\"><strong><a href=\"http:\/\/www.centrojung.com.ar\/index.html\" target=\"_blank\" rel=\"noopener\">www.centrojung.com.ar<\/a><\/strong><\/span><\/strong><\/span><\/p>\n<h4 style=\"text-align: center;\">Este centro tiene por objetivo fundamental difundir la obra y el pensamiento de C. G. Jung<\/h4>\n<\/blockquote>\n<p align=\"center\"><span style=\"font-size: small;\"><strong><span style=\"color: #ff0000; font-family: 'Arial Narrow';\">______________________________________________________<\/span><span style=\"color: #3c4c9a; font-family: 'Arial Narrow';\"><br \/>\n<\/span><\/strong><\/span><\/p>\n<h3 align=\"justify\"><strong><span style=\"font-family: 'Arial Narrow'; font-size: small; color: #800000;\">BRASIL<\/span><\/strong><\/h3>\n<blockquote>\n<p align=\"justify\">\n<p style=\"text-align: center;\" align=\"justify\"><span style=\"color: #3c4c9a; font-family: 'Arial Narrow'; font-size: small;\"><strong><span style=\"color: #000000;\">Simbolon Estudos Junguianos<\/span><\/strong><\/span><\/p>\n<p style=\"text-align: center;\" align=\"justify\"><span style=\"color: #3c4c9a; font-family: 'Arial Narrow'; font-size: small;\"><strong><br \/>\n<\/strong><img loading=\"lazy\" decoding=\"async\" src=\"http:\/\/www.adepac.org\/imagenes\/logosimbolon.gif\" alt=\"\" width=\"98\" height=\"54\" border=\"0\" \/><\/span><\/p>\n<p style=\"text-align: center;\" align=\"justify\"><span style=\"color: #3c4c9a; font-family: 'Arial Narrow'; font-size: small;\"><strong><a href=\"http:\/\/www.symbolon.com.br\/index2.htm\" target=\"_blank\" rel=\"noopener\">www.symbolon.com.br\/index2.htm<\/a><\/strong><\/span><\/p>\n<h4 style=\"text-align: center;\">(Portugu\u00e9s) Otro grupo formado en este caso por estudiantes y profesores a partir de un curso dictado sobre Psicolog\u00eda Anal\u00edtica, y que busca tambi\u00e9n ser un punto de encuentro entre estudiosos en este campo.<\/h4>\n<p align=\"justify\">\n<\/blockquote>\n<p align=\"center\"><span style=\"font-size: small;\"><strong><span style=\"color: #ff0000; font-family: 'Arial Narrow';\">______________________________________________________<\/span><\/strong><span style=\"color: #3c4c9a; font-family: 'Arial Narrow';\"><strong><br \/>\n<\/strong><\/span><\/span><\/p>\n<h3 align=\"justify\"><span style=\"font-size: small;\"><br \/>\n<strong><span style=\"color: #ff0000; font-family: 'Arial Narrow';\">\u00a0<\/span><span style=\"color: #800000; font-family: 'Arial Narrow';\">COLOMBIA<\/span><\/strong><\/span><\/h3>\n<blockquote>\n<div align=\"justify\"><\/div>\n<div style=\"text-align: center;\" align=\"justify\"><span style=\"font-size: small;\"><strong><span style=\"color: #3c4c9a; font-family: 'Arial Narrow';\"><span style=\"color: #000000;\">Amigos de la Psicolog\u00eda Anal\u00edtica en Colombia (ADEPAC)<\/span><\/span><\/strong><\/span><\/div>\n<div style=\"text-align: center;\" align=\"justify\"><span style=\"font-size: small;\"><strong><span style=\"color: #3c4c9a; font-family: 'Arial Narrow';\"><br \/>\n<\/span><\/strong><img loading=\"lazy\" decoding=\"async\" class=\"alignnone size-medium wp-image-1874\" src=\"http:\/\/www.adepac.org\/wp-content\/uploads\/2013\/09\/cropped-AficheDef2Adepac-300x63.jpg\" alt=\"cropped-AficheDef2Adepac.jpg\" width=\"300\" height=\"63\" srcset=\"https:\/\/www.adepac.org\/wp-content\/uploads\/2013\/09\/cropped-AficheDef2Adepac-300x63.jpg 300w, https:\/\/www.adepac.org\/wp-content\/uploads\/2013\/09\/cropped-AficheDef2Adepac.jpg 940w\" sizes=\"auto, (max-width: 300px) 100vw, 300px\" \/><\/span><\/div>\n<div style=\"text-align: center;\" align=\"justify\"><span style=\"font-size: small;\"><span style=\"font-size: small;\"><strong><span style=\"color: #3c4c9a; font-family: 'Arial Narrow';\"><a href=\"http:\/\/www.adepac.org\/\" target=\"_blank\" rel=\"noopener\">www.adepac.org<\/a><a href=\"http:\/\/www.adepac.org\/\" target=\"_blank\" rel=\"noopener\">\u00a0<\/a><br \/>\n<\/span><\/strong><\/span><\/span><\/p>\n<p style=\"text-align: center;\">\n<h4 style=\"text-align: center;\">Esta Asociaci\u00f3n tiene por objetivo principal difundir la obra y el pensamiento de C. G. Jung en Colombia y el mundo.<\/h4>\n<\/div>\n<\/blockquote>\n<div style=\"padding-left: 60px;\" align=\"justify\"><span style=\"font-size: small;\"><strong><span style=\"color: #ff0000;\">\u00a0 ____________________________________<\/span><\/strong><\/span><\/div>\n<h3 align=\"justify\"><strong><span style=\"font-size: small; color: #800000;\"><span style=\"font-family: 'Arial Narrow';\">CHILE<\/span><\/span><\/strong><\/h3>\n<blockquote>\n<p align=\"justify\">\n<p style=\"text-align: center;\" align=\"justify\"><span style=\"font-size: small;\"><strong><span style=\"color: #000000; font-family: 'Arial Narrow';\">Psicolog\u00eda Junguiana Aplicada<\/span><\/strong><\/span><\/p>\n<p style=\"text-align: center;\" align=\"justify\"><span style=\"font-size: small;\"><strong><span style=\"color: #3c4c9a; font-family: 'Arial Narrow';\"><br \/>\n<\/span><\/strong><strong style=\"line-height: 19px;\"><span style=\"color: #3c4c9a; font-family: 'Arial Narrow';\"><a style=\"color: #ff4b33;\" href=\"http:\/\/www.fundacioncgjung.cl\/\" target=\"_blank\" rel=\"noopener\"><img loading=\"lazy\" decoding=\"async\" src=\"http:\/\/www.adepac.org\/imagenes\/LogoFundChileMiniOK.jpg\" alt=\"\" width=\"150\" height=\"38\" \/><\/a><\/span><\/strong><\/span><\/p>\n<p style=\"text-align: center;\"><span style=\"font-size: small;\"><strong><span style=\"color: #3c4c9a; font-family: 'Arial Narrow';\"><a href=\"https:\/\/www.facebook.com\/pages\/Fundaci%C3%B3n-Chilena-de-Psicolog%C3%ADa-Anal%C3%ADtica-C-G-Jung-Chile\/140686639332221\">www.facebook<\/a>\u00a0<a href=\"http:\/\/www.fundacioncgjung.cl\/\" target=\"_blank\" rel=\"noopener\"><br \/>\n<\/a><\/span><\/strong><\/span><\/p>\n<h4 style=\"text-align: center;\">Esta Fundaci\u00f3n tiene por objetivos principales difundir la obra y el pensamiento de C. G. Jung, y desarrollar actividades que contribuyan a la mejor comprensi\u00f3n de la Psicolog\u00eda Anal\u00edtica.<\/h4>\n<\/blockquote>\n<p align=\"center\"><span style=\"font-size: small;\"><strong><span style=\"color: #ff0000; font-family: 'Arial Narrow';\">______________________________________________________<\/span><\/strong><\/span><\/p>\n<h3 align=\"justify\"><strong><span style=\"font-family: 'Arial Narrow'; font-size: small; color: #800000;\">ESPA\u00d1A<\/span><\/strong><\/h3>\n<blockquote>\n<p align=\"justify\">\n<p style=\"text-align: center;\" align=\"justify\"><span style=\"color: #3c4c9a; font-family: 'Arial Narrow'; font-size: small;\"><strong><span style=\"color: #000000;\">Fundaci\u00f3n Carl Gustav Jung Espa\u00f1a<\/span><\/strong><\/span><\/p>\n<p style=\"text-align: center;\" align=\"justify\"><span style=\"color: #3c4c9a; font-family: 'Arial Narrow'; font-size: small;\"><strong><br \/>\n<\/strong><strong style=\"line-height: 19px;\"><a style=\"color: #ff4b33;\" href=\"http:\/\/www.fcgjung.com.es\/\" target=\"_blank\" rel=\"noopener\"><img loading=\"lazy\" decoding=\"async\" src=\"http:\/\/www.adepac.org\/imagenes\/logofundjung.gif\" alt=\"\" width=\"111\" height=\"62\" border=\"0\" \/><\/a><\/strong><\/span><\/p>\n<p style=\"text-align: center;\" align=\"justify\"><span style=\"color: #3c4c9a; font-family: 'Arial Narrow'; font-size: small;\"><strong><a href=\"http:\/\/fundacioncarlgjung.blogspot.com.es\/\">fundacioncgj.blogspot<\/a><\/strong><\/span><\/p>\n<h4 style=\"text-align: center;\">Esta fundaci\u00f3n, que tiene como objetivo principal la promoci\u00f3n de la publicaci\u00f3n de la Obra Completa de C.G. Jung al castellano.<\/h4>\n<p style=\"text-align: center;\" align=\"center\"><span style=\"font-size: small;\"><strong><span style=\"color: #ff0000; font-family: 'Arial Narrow';\">______________________________________________________<\/span><\/strong><\/span><\/p>\n<\/blockquote>\n<h3 style=\"text-align: left;\"><em><strong><span style=\"font-size: small; color: #800000;\"><span style=\"font-family: 'Arial Narrow';\">INTERNACIONAL<\/span><\/span><\/strong><\/em><\/h3>\n<p style=\"text-align: center;\" align=\"justify\"><strong>C.G.Jung Page<\/strong><\/p>\n<p style=\"text-align: center;\" align=\"justify\"><strong><a href=\"http:\/\/www.cgjungpage.org\/\" target=\"_blank\" rel=\"noopener\"><img loading=\"lazy\" decoding=\"async\" src=\"http:\/\/www.adepac.org\/imagenes\/logojungpage.jpg\" alt=\"\" width=\"300\" height=\"50\" border=\"0\" \/><\/a><\/strong><\/p>\n<p style=\"text-align: center;\" align=\"justify\"><strong><a href=\"http:\/\/www.cgjungpage.org\/\" target=\"_blank\" rel=\"noopener\">www.cgjungpage.org<\/a><\/strong><\/p>\n<h4 style=\"text-align: center;\">(Ingl\u00e9s) Es una p\u00e1gina fundada en 1995, que tiene el mayor n\u00famero de\u00a0enlaces sobre centros junguianos de todo tipo (de entrenamiento y de\u00a0divulgaci\u00f3n) y el mayor n\u00famero de art\u00edculos junguianos de muy buena\u00a0calidad.<\/h4>\n<p style=\"text-align: center;\"><span style=\"color: #ff0000;\"><strong>_________________________<\/strong><\/span><\/p>\n","protected":false},"excerpt":{"rendered":"<p>Adem\u00e1s de las sociedades, asociaciones e institutos aprobados por la Asociaci\u00f3n Internacional de Psicolog\u00eda Anal\u00edtica IAAP, existen otros centros de divulgaci\u00f3n del pensamiento junguiano. ARGENTINA Centro Jung de Buenos Aires www.centrojung.com.ar Este centro tiene por objetivo fundamental difundir la obra &hellip; <a href=\"https:\/\/www.adepac.org\/inicio\/enlaces\/en-espanol\/centros-divulgacion\/\">Sigue leyendo <span class=\"meta-nav\">&rarr;<\/span><\/a><\/p>\n","protected":false},"author":2,"featured_media":0,"parent":279,"menu_order":3,"comment_status":"open","ping_status":"closed","template":"","meta":{"footnotes":""},"class_list":["post-287","page","type-page","status-publish","hentry"],"_links":{"self":[{"href":"https:\/\/www.adepac.org\/inicio\/wp-json\/wp\/v2\/pages\/287","targetHints":{"allow":["GET"]}}],"collection":[{"href":"https:\/\/www.adepac.org\/inicio\/wp-json\/wp\/v2\/pages"}],"about":[{"href":"https:\/\/www.adepac.org\/inicio\/wp-json\/wp\/v2\/types\/page"}],"author":[{"embeddable":true,"href":"https:\/\/www.adepac.org\/inicio\/wp-json\/wp\/v2\/users\/2"}],"replies":[{"embeddable":true,"href":"https:\/\/www.adepac.org\/inicio\/wp-json\/wp\/v2\/comments?post=287"}],"version-history":[{"count":7,"href":"https:\/\/www.adepac.org\/inicio\/wp-json\/wp\/v2\/pages\/287\/revisions"}],"predecessor-version":[{"id":8886,"href":"https:\/\/www.adepac.org\/inicio\/wp-json\/wp\/v2\/pages\/287\/revisions\/8886"}],"up":[{"embeddable":true,"href":"https:\/\/www.adepac.org\/inicio\/wp-json\/wp\/v2\/pages\/279"}],"wp:attachment":[{"href":"https:\/\/www.adepac.org\/inicio\/wp-json\/wp\/v2\/media?parent=287"}],"curies":[{"name":"wp","href":"https:\/\/api.w.org\/{rel}","templated":true}]}}