{"id":237,"date":"2013-06-20T15:07:33","date_gmt":"2013-06-20T20:07:33","guid":{"rendered":"http:\/\/adepacolombia.wordpress.com\/?page_id=237"},"modified":"2026-01-27T21:10:28","modified_gmt":"2026-01-27T21:10:28","slug":"abc","status":"publish","type":"page","link":"https:\/\/www.adepac.org\/inicio\/articulos-2\/abc\/","title":{"rendered":"ABC"},"content":{"rendered":"\n<h4 class=\"wp-block-heading\">La secci\u00f3n <strong>ABC<\/strong> re\u00fane presentaciones introductorias de conceptos, m\u00e9todos y obras fundamentales de la Psicolog\u00eda Anal\u00edtica. Cada entrada ofrece una orientaci\u00f3n b\u00e1sica que incluye qu\u00e9 es cada enfoque o pr\u00e1ctica, su origen y desarrollo, referencias bibliogr\u00e1ficas esenciales en castellano y otros idiomas, as\u00ed como una descripci\u00f3n general de su uso y alcances.<\/h4>\n\n\n\n<p>Este espacio est\u00e1 pensado como una puerta de entrada para estudiantes, profesionales y personas interesadas en aproximarse de manera clara y ordenada a algunos de los n\u00facleos m\u00e1s relevantes del pensamiento y la pr\u00e1ctica junguiana.<\/p>\n\n\n\n<ul id=\"menu-menu-informacion-y-articulos\" class=\"wp-block-list\">\n<li><a href=\"https:\/\/www.adepac.org\/inicio\/articulos-2\/abc\/sandplay\">ABC del Sandplay<\/a><\/li>\n\n\n\n<li><a href=\"https:\/\/www.adepac.org\/inicio\/articulos-2\/abc\/diario-intensivo\">ABC del Diario Intensivo<\/a><\/li>\n\n\n\n<li><a href=\"https:\/\/www.adepac.org\/inicio\/articulos-2\/abc\/libro-rojo\">ABC del Libro Rojo<\/a><\/li>\n\n\n\n<li><a href=\"https:\/\/www.adepac.org\/inicio\/articulos-2\/abc\/movimiento-autentico\">ABC del Movimiento Aut\u00e9ntico<\/a><\/li>\n\n\n\n<li><a href=\"http:\/\/www.adepac.org\/abc-del-mandala\/\">ABC del Mandala<\/a><\/li>\n\n\n\n<li><a href=\"http:\/\/www.adepac.org\/inicio\/abc-de-la-imaginacion-activa\/\" target=\"_blank\" rel=\"noreferrer noopener\">ABC de la Imaginaci\u00f3n Activa<\/a><\/li>\n<\/ul>\n","protected":false},"excerpt":{"rendered":"<p>La secci\u00f3n ABC re\u00fane presentaciones introductorias de conceptos, m\u00e9todos y obras fundamentales de la Psicolog\u00eda Anal\u00edtica. Cada entrada ofrece una orientaci\u00f3n b\u00e1sica que incluye qu\u00e9 es cada enfoque o pr\u00e1ctica, su origen y desarrollo, referencias bibliogr\u00e1ficas esenciales en castellano y &hellip; <a href=\"https:\/\/www.adepac.org\/inicio\/articulos-2\/abc\/\">Sigue leyendo <span class=\"meta-nav\">&rarr;<\/span><\/a><\/p>\n","protected":false},"author":2,"featured_media":0,"parent":368,"menu_order":7,"comment_status":"open","ping_status":"closed","template":"","meta":{"footnotes":""},"class_list":["post-237","page","type-page","status-publish","hentry"],"_links":{"self":[{"href":"https:\/\/www.adepac.org\/inicio\/wp-json\/wp\/v2\/pages\/237","targetHints":{"allow":["GET"]}}],"collection":[{"href":"https:\/\/www.adepac.org\/inicio\/wp-json\/wp\/v2\/pages"}],"about":[{"href":"https:\/\/www.adepac.org\/inicio\/wp-json\/wp\/v2\/types\/page"}],"author":[{"embeddable":true,"href":"https:\/\/www.adepac.org\/inicio\/wp-json\/wp\/v2\/users\/2"}],"replies":[{"embeddable":true,"href":"https:\/\/www.adepac.org\/inicio\/wp-json\/wp\/v2\/comments?post=237"}],"version-history":[{"count":7,"href":"https:\/\/www.adepac.org\/inicio\/wp-json\/wp\/v2\/pages\/237\/revisions"}],"predecessor-version":[{"id":10096,"href":"https:\/\/www.adepac.org\/inicio\/wp-json\/wp\/v2\/pages\/237\/revisions\/10096"}],"up":[{"embeddable":true,"href":"https:\/\/www.adepac.org\/inicio\/wp-json\/wp\/v2\/pages\/368"}],"wp:attachment":[{"href":"https:\/\/www.adepac.org\/inicio\/wp-json\/wp\/v2\/media?parent=237"}],"curies":[{"name":"wp","href":"https:\/\/api.w.org\/{rel}","templated":true}]}}