{"id":149,"date":"2013-06-19T19:42:07","date_gmt":"2013-06-20T00:42:07","guid":{"rendered":"http:\/\/adepacolombia.wordpress.com\/?page_id=149"},"modified":"2026-01-30T19:01:54","modified_gmt":"2026-01-30T19:01:54","slug":"coinciden-con-jung-2","status":"publish","type":"page","link":"https:\/\/www.adepac.org\/inicio\/biografias\/coinciden-con-jung-2\/","title":{"rendered":"Coinciden con Jung"},"content":{"rendered":"\n<h4 class=\"wp-block-heading\">En esta secci\u00f3n se re\u00fanen personas, autores y pensadores cuyas obras, reflexiones o aproximaciones comparten afinidades significativas con el pensamiento de Carl Gustav Jung, aunque no necesariamente se inscriban en la tradici\u00f3n de la Psicolog\u00eda Anal\u00edtica.<\/h4>\n\n\n\n<p>El prop\u00f3sito de este espacio es ofrecer una orientaci\u00f3n complementaria que permita identificar influencias, convergencias conceptuales o puntos de contacto entre Jung y otras voces de la cultura, la filosof\u00eda, la religi\u00f3n, la ciencia o las humanidades.<\/p>\n\n\n\n<p>Esta rese\u00f1a est\u00e1 basada en el libro <em>La Psicolog\u00eda de C.G. Jung y su Significado Social<\/em> de Ira Progoff.<\/p>\n\n\n\n<p class=\"has-text-align-center\"><strong>_______________________________________________<\/strong><\/p>\n\n\n\n<h3 class=\"wp-block-heading has-text-align-center\">Mumford, Lewis<\/h3>\n\n\n<div class=\"wp-block-image\">\n<figure class=\"aligncenter\"><img decoding=\"async\" src=\"http:\/\/www.adepac.org\/imagenes\/mumfordOK.jpg\" alt=\"\"\/><\/figure>\n<\/div>\n\n\n<h4 class=\"wp-block-heading\">(Nueva York, 1895-1990) Historiador noteamericano de la tecnolog\u00eda y de la ciencia. Cr\u00edtico y comentarista de la revista <em>The New Yorker. <\/em>En 1943 fue nombrado Caballero Honorario del Imperio Brit\u00e1nico.Sus planteamientos filos\u00f3ficos han tenido gran influencia en pensadores recientes.<\/h4>\n\n\n\n<h4 class=\"wp-block-heading\">A trav\u00e9s del estudio de la historia, este autor llega a percibir la importancia de la psicolog\u00eda y de la religi\u00f3n para la comprensi\u00f3n de la era moderna. Comparte con Jung la idea de que las desarmon\u00edas psicol\u00f3gicas de nuestros tiempos son fruto del debilitamiento de los s\u00edmbolos religiosos tradicionales. As\u00ed mismo, que cuando se arrojan por la borda las creencias de los dioses, \u00e9stas pueden volver bajo otras formas adaptadas a los tiempos.<\/h4>\n\n\n\n<p class=\"has-text-align-center\"><strong>_____________________<\/strong><\/p>\n\n\n\n<h3 class=\"wp-block-heading has-text-align-center\">Tillich, Paul<\/h3>\n\n\n<div class=\"wp-block-image\">\n<figure class=\"aligncenter\"><img decoding=\"async\" src=\"http:\/\/www.adepac.org\/imagenes\/TillichOK.jpg\" alt=\"\"\/><\/figure>\n<\/div>\n\n\n<h4 class=\"wp-block-heading\">Fil\u00f3sofo y te\u00f3logo protestante alem\u00e1n. Ense\u00f1\u00f3 teolog\u00eda en Alemania hasta 1933. Cuando los nazis le prohibieron continuar, huy\u00f3 a los Estados Unidos en donde se hizo ciudadano en 1940. Realiz\u00f3 en sus obras una s\u00edntesis entre la teolog\u00eda protestante y la filosof\u00eda existencial.<\/h4>\n\n\n\n<h4 class=\"wp-block-heading\">Ve la mutaci\u00f3n espiritual de nuestra cultura moderna no s\u00f3lo como el problema central de nuestro tiempo, sino como el lugar de confluencia de las diversas ciencias humanas. Comparte con Jung la opini\u00f3n de que el fundamento de la Psicolog\u00eda Profunda es una vivencia esencialmente religiosa. Es decir, ve en este enfoque el fundamento de la aut\u00e9ntica vida espiritual. Adem\u00e1s piensa que los factores espirituales y psicol\u00f3gicos deben ser comprendidos hist\u00f3ricamente.<\/h4>\n\n\n\n<p class=\"has-text-align-center\"><strong>_____________________<\/strong><\/p>\n\n\n\n<h3 class=\"wp-block-heading has-text-align-center\">Toynbee, Arnold<\/h3>\n\n\n<div class=\"wp-block-image\">\n<figure class=\"aligncenter\"><img decoding=\"async\" src=\"http:\/\/www.adepac.org\/imagenes\/ToynbeeOK.jpg\" alt=\"\"\/><\/figure>\n<\/div>\n\n\n<h4 class=\"wp-block-heading\">Historiador brit\u00e1nico, especialista en filosof\u00eda de la historia, estableci\u00f3 una teor\u00eda c\u00edclica sobre el desarrollo de las civilizaciones. Dio gran importancia a los factores religiosos en su teor\u00eda.<\/h4>\n\n\n\n<h4 class=\"wp-block-heading\">Afirma que el estudio de la historia de las civilizaciones requiere la dimensi\u00f3n de una Psicolog\u00eda Profunda. <em>\u00abLo inconsciente colectivo <\/em>-dice este autor-<em> va debajo de una consciencia que cabalga sobre aquel&#8230;\u00bb<\/em>. Llega a la conclusi\u00f3n de que es la psique humana donde debemos buscar los secretos de la historia. Que el problema capital de hallar una clave mitol\u00f3gica para la historia, le hubiera resultado m\u00e1s f\u00e1cil de haber conocido con anterioridad la obra de Jung<\/h4>\n\n\n\n<p class=\"has-text-align-center\"><strong>______________________<\/strong><\/p>\n","protected":false},"excerpt":{"rendered":"<p>En esta secci\u00f3n se re\u00fanen personas, autores y pensadores cuyas obras, reflexiones o aproximaciones comparten afinidades significativas con el pensamiento de Carl Gustav Jung, aunque no necesariamente se inscriban en la tradici\u00f3n de la Psicolog\u00eda Anal\u00edtica. El prop\u00f3sito de este &hellip; <a href=\"https:\/\/www.adepac.org\/inicio\/biografias\/coinciden-con-jung-2\/\">Sigue leyendo <span class=\"meta-nav\">&rarr;<\/span><\/a><\/p>\n","protected":false},"author":2,"featured_media":0,"parent":73,"menu_order":5,"comment_status":"open","ping_status":"closed","template":"","meta":{"footnotes":""},"class_list":["post-149","page","type-page","status-publish","hentry"],"_links":{"self":[{"href":"https:\/\/www.adepac.org\/inicio\/wp-json\/wp\/v2\/pages\/149","targetHints":{"allow":["GET"]}}],"collection":[{"href":"https:\/\/www.adepac.org\/inicio\/wp-json\/wp\/v2\/pages"}],"about":[{"href":"https:\/\/www.adepac.org\/inicio\/wp-json\/wp\/v2\/types\/page"}],"author":[{"embeddable":true,"href":"https:\/\/www.adepac.org\/inicio\/wp-json\/wp\/v2\/users\/2"}],"replies":[{"embeddable":true,"href":"https:\/\/www.adepac.org\/inicio\/wp-json\/wp\/v2\/comments?post=149"}],"version-history":[{"count":2,"href":"https:\/\/www.adepac.org\/inicio\/wp-json\/wp\/v2\/pages\/149\/revisions"}],"predecessor-version":[{"id":10150,"href":"https:\/\/www.adepac.org\/inicio\/wp-json\/wp\/v2\/pages\/149\/revisions\/10150"}],"up":[{"embeddable":true,"href":"https:\/\/www.adepac.org\/inicio\/wp-json\/wp\/v2\/pages\/73"}],"wp:attachment":[{"href":"https:\/\/www.adepac.org\/inicio\/wp-json\/wp\/v2\/media?parent=149"}],"curies":[{"name":"wp","href":"https:\/\/api.w.org\/{rel}","templated":true}]}}