{"id":141,"date":"2013-06-19T19:35:48","date_gmt":"2013-06-20T00:35:48","guid":{"rendered":"http:\/\/adepacolombia.wordpress.com\/?page_id=141"},"modified":"2026-01-30T19:23:15","modified_gmt":"2026-01-30T19:23:15","slug":"otros-seguidores-jung","status":"publish","type":"page","link":"https:\/\/www.adepac.org\/inicio\/biografias\/otros-seguidores-jung\/","title":{"rendered":"Seguidores de Jung"},"content":{"rendered":"\n<p>Esta secci\u00f3n re\u00fane figuras que, sin formar parte de la tradici\u00f3n de la Psicolog\u00eda Anal\u00edtica como analistas o te\u00f3ricos junguianos, desempe\u00f1aron un papel relevante como conocedores, divulgadores, int\u00e9rpretes o difusores de la obra de Carl Gustav Jung.<\/p>\n\n\n\n<p>Su acercamiento a Jung puede haber sido cr\u00edtico, complementario o de puente hacia otros \u00e1mbitos del saber, y contribuy\u00f3 a ampliar la recepci\u00f3n y comprensi\u00f3n de su pensamiento en diferentes contextos culturales e intelectuales.<\/p>\n\n\n\n<p>Los nombres que aqu\u00ed se presentan ofrecen una perspectiva m\u00e1s amplia sobre la circulaci\u00f3n y el impacto de las ideas junguianas fuera del c\u00edrculo estrictamente institucional de la Psicolog\u00eda Anal\u00edtica.<\/p>\n\n\n\n<p class=\"has-text-align-center\"><strong>________________________________________________<\/strong><\/p>\n\n\n\n<h3 class=\"wp-block-heading has-text-align-center\">Baudouin, Charles<\/h3>\n\n\n<div class=\"wp-block-image\">\n<figure class=\"aligncenter\"><img decoding=\"async\" src=\"http:\/\/www.adepac.org\/imagenes\/baudouin.jpg\" alt=\"\"\/><\/figure>\n<\/div>\n\n\n<h4 class=\"wp-block-heading\">Nacido en Nancy, Francia, en 1893, realiz\u00f3 sus estudios en esta ciudad y despu\u00e9s en Paris, donde tuvo maestro a Bergson. Se estableci\u00f3 luego en Ginebra desde 1919, en donde fue docente de la Universidad de Ginebra. Fue uno de los primeros bi\u00f3grafos de Jung y terminaba la correcci\u00f3n de pruebas del libro <em>La Obra de Jung <\/em>cuando muri\u00f3 s\u00fabitamente en 1963.<\/h4>\n\n\n\n<p class=\"has-text-align-center\"><strong>_____________<\/strong><\/p>\n\n\n\n<h3 class=\"wp-block-heading has-text-align-center\">Bly, Robert<\/h3>\n\n\n<div class=\"wp-block-image\">\n<figure class=\"aligncenter is-resized\"><img decoding=\"async\" src=\"http:\/\/www.adepac.org\/imagenes\/RobertBly2.jpg\" alt=\"\" style=\"width:112px;height:auto\"\/><\/figure>\n<\/div>\n\n\n<h4 class=\"wp-block-heading\">Poeta y escritor norteamericano, nacido en Minnesota en 1926. Fuerte cr\u00edtico de la guerra de Vietnam. Autor del <em>bestseller<\/em> <em>Iron John<\/em>. Con frecuencia dirigi\u00f3 seminarios sobre cuentos de hadas europeos. As\u00ed mismo, realiz\u00f3 talleres dirigidos a hombres junto con James Hillman, y otros talleres para hombres y mujeres, en compa\u00f1\u00eda de Marion Woodman.<\/h4>\n\n\n\n<p class=\"has-text-align-center\"><strong>_____________<\/strong><\/p>\n\n\n\n<h3 class=\"wp-block-heading has-text-align-center\">Carotenuto, Aldo<\/h3>\n\n\n<div class=\"wp-block-image\">\n<figure class=\"aligncenter is-resized\"><img decoding=\"async\" src=\"http:\/\/www.adepac.org\/imagenes\/carotenuto.jpg\" alt=\"\" style=\"width:126px;height:auto\"\/><\/figure>\n<\/div>\n\n\n<h4 class=\"wp-block-heading\">Psicoanalista nacido en N\u00e1poles, prominente exponente del pensamiento junguiano, profesor de Psicolog\u00eda de la Personalidad en la Universidad de Roma; miembro de la American Psychological Association, presidente del Centro de Estudios de Psicolog\u00eda y Literatura. Autor de <em>Una secreta simetr\u00eda: Sabina Spielrein entre Freud y Jung.<\/em><\/h4>\n\n\n\n<p class=\"has-text-align-center\"><strong>_____________<\/strong><\/p>\n\n\n\n<h3 class=\"wp-block-heading has-text-align-center\">Pauli, Wolfgang<\/h3>\n\n\n<div class=\"wp-block-image\">\n<figure class=\"aligncenter\"><img decoding=\"async\" src=\"http:\/\/www.adepac.org\/imagenes\/Pauli2_jpg.jpg\" alt=\"\"\/><\/figure>\n<\/div>\n\n\n<h4 class=\"wp-block-heading\">(1900-1958): F\u00edsico estadounidense de origen austr\u00edaco, premiado con el Premio Nobel de F\u00edsica en 1945 y conocido por su definici\u00f3n del principio de exclusi\u00f3n en mec\u00e1nica cu\u00e1ntica. Naci\u00f3 en Viena y estudi\u00f3 en la Universidad de Munich. Ense\u00f1\u00f3 f\u00edsica te\u00f3rica en el Instituto Federal de Tecnolog\u00eda de Zurich. Escribi\u00f3 el libro&nbsp;<em>Interpretaci\u00f3n de la Naturaleza y la Psique<\/em> junto con Carl Jung, en el que \u00e9ste plantea la <em>sincronicidad<\/em> como principio de conexi\u00f3n acausal entre los fen\u00f3menos de la naturaleza, complemento del principio de causalidad.<\/h4>\n\n\n\n<p class=\"has-text-align-center\"><strong>_____________<\/strong><\/p>\n\n\n\n<h3 class=\"wp-block-heading has-text-align-center\">Speilrein, Sabina<\/h3>\n\n\n<div class=\"wp-block-image\">\n<figure class=\"aligncenter is-resized\"><img decoding=\"async\" src=\"http:\/\/www.adepac.org\/imagenes\/SabinaSpeilrein_jpg.jpg\" alt=\"\" style=\"aspect-ratio:0.7600815385978906;width:131px;height:auto\"\/><\/figure>\n<\/div>\n\n\n<h4 class=\"wp-block-heading\">Nacida en 1885 en Rostow, Rusia de una familia jud\u00eda, ingres\u00f3 a la Cl\u00ednica Burgh\u00f6lzli de la Universidad de Zurich en 1904. Fue diagnosticada y tratada por Jung con el m\u00e9todo psicoanal\u00edtico, como un caso de histeria. Una vez curada, ella estudi\u00f3 Medicina de Universidad de Zurich y se gradu\u00f3 en 1911, con una disertaci\u00f3n sobre la esquizofrenia. Luego de su relaci\u00f3n con Jung, viaj\u00f3 a Austria, en donde fue integrante del grupo vien\u00e9s de Freud. Fue psicoanalista de Piaget y de Luria. En 1923, volvi\u00f3 a Rusia, en donde fund\u00f3 un hospital psiqui\u00e1trico para ni\u00f1os. Entre 1935 y 1937, sus tres hermanos desaparecieron en las purgas de Stalin y su marido muri\u00f3 en 1938. En 1941 los nazis ocuparon Rusia y en agosto de 1942, Sabina y sus dos hijas, Renata y Eva fueron fusiladas en una sinagoga de Rostov.<\/h4>\n\n\n\n<p class=\"has-text-align-center\"><strong>_____________<\/strong><\/p>\n\n\n\n<h3 class=\"wp-block-heading has-text-align-center\">Wolf, Tony<\/h3>\n\n\n<div class=\"wp-block-image\">\n<figure class=\"aligncenter is-resized\"><img decoding=\"async\" src=\"http:\/\/www.adepac.org\/imagenes\/ToniWolf2_jpg.jpg\" alt=\"\" style=\"width:110px;height:auto\"\/><\/figure>\n<\/div>\n\n\n<h4 class=\"wp-block-heading\">Analista y presidente del Club Psicologico de Zurich, Antonia (Toni) Wolff conoci\u00f3 a Carl Jung cuando ella ten\u00eda 23 a\u00f1os. Fue paciente suya y luego analista. Trabaj\u00f3 a su lado unos 40 a\u00f1os hasta su muerte en 1952. En uno de sus trabajos presenta las cuatro formas estructurales que adquiere el \u00e1nima (Zurich, 1951), todas expresadas en relaci\u00f3n con los hombres: la <em>madre<\/em> con su hijo o marido, la<em>hetaira<\/em> con su consorte, la <em>amazona<\/em> con el mundo del trabajo y de las metas externas, y la <em>mujer intermedia<\/em>, que act\u00faa como puente entre las fuerzas personales y colectivas del hombre, equilibrando la din\u00e1mica entre los sentidos y el inconsciente.<\/h4>\n\n\n\n<p class=\"has-text-align-center\"><strong>________________________________________________<\/strong><\/p>\n\n\n\n<p><\/p>\n","protected":false},"excerpt":{"rendered":"<p>Esta secci\u00f3n re\u00fane figuras que, sin formar parte de la tradici\u00f3n de la Psicolog\u00eda Anal\u00edtica como analistas o te\u00f3ricos junguianos, desempe\u00f1aron un papel relevante como conocedores, divulgadores, int\u00e9rpretes o difusores de la obra de Carl Gustav Jung. Su acercamiento a &hellip; <a href=\"https:\/\/www.adepac.org\/inicio\/biografias\/otros-seguidores-jung\/\">Sigue leyendo <span class=\"meta-nav\">&rarr;<\/span><\/a><\/p>\n","protected":false},"author":2,"featured_media":0,"parent":73,"menu_order":3,"comment_status":"open","ping_status":"closed","template":"","meta":{"footnotes":""},"class_list":["post-141","page","type-page","status-publish","hentry"],"_links":{"self":[{"href":"https:\/\/www.adepac.org\/inicio\/wp-json\/wp\/v2\/pages\/141","targetHints":{"allow":["GET"]}}],"collection":[{"href":"https:\/\/www.adepac.org\/inicio\/wp-json\/wp\/v2\/pages"}],"about":[{"href":"https:\/\/www.adepac.org\/inicio\/wp-json\/wp\/v2\/types\/page"}],"author":[{"embeddable":true,"href":"https:\/\/www.adepac.org\/inicio\/wp-json\/wp\/v2\/users\/2"}],"replies":[{"embeddable":true,"href":"https:\/\/www.adepac.org\/inicio\/wp-json\/wp\/v2\/comments?post=141"}],"version-history":[{"count":6,"href":"https:\/\/www.adepac.org\/inicio\/wp-json\/wp\/v2\/pages\/141\/revisions"}],"predecessor-version":[{"id":10156,"href":"https:\/\/www.adepac.org\/inicio\/wp-json\/wp\/v2\/pages\/141\/revisions\/10156"}],"up":[{"embeddable":true,"href":"https:\/\/www.adepac.org\/inicio\/wp-json\/wp\/v2\/pages\/73"}],"wp:attachment":[{"href":"https:\/\/www.adepac.org\/inicio\/wp-json\/wp\/v2\/media?parent=141"}],"curies":[{"name":"wp","href":"https:\/\/api.w.org\/{rel}","templated":true}]}}