{"id":10210,"date":"2026-02-01T22:10:35","date_gmt":"2026-02-01T22:10:35","guid":{"rendered":"https:\/\/www.adepac.org\/inicio\/?page_id=10210"},"modified":"2026-02-01T22:58:07","modified_gmt":"2026-02-01T22:58:07","slug":"coordinacion-adepac","status":"publish","type":"page","link":"https:\/\/www.adepac.org\/inicio\/comunidad-adepac\/coordinacion-adepac\/","title":{"rendered":"Coordinaci\u00f3n ADEPAC"},"content":{"rendered":"<div class=\"wp-block-image\">\n<figure class=\"aligncenter size-full is-resized\"><a href=\"https:\/\/www.adepac.org\/wp-content\/uploads\/2026\/02\/Foto-JCAG.jpg\"><img loading=\"lazy\" decoding=\"async\" width=\"567\" height=\"724\" src=\"https:\/\/www.adepac.org\/wp-content\/uploads\/2026\/02\/Foto-JCAG.jpg\" alt=\"\" class=\"wp-image-10211\" style=\"width:172px;height:auto\" srcset=\"https:\/\/www.adepac.org\/wp-content\/uploads\/2026\/02\/Foto-JCAG.jpg 567w, https:\/\/www.adepac.org\/wp-content\/uploads\/2026\/02\/Foto-JCAG-235x300.jpg 235w\" sizes=\"auto, (max-width: 567px) 100vw, 567px\" \/><\/a><figcaption class=\"wp-element-caption\">Juan Carlos Alonso G.<\/figcaption><\/figure>\n<\/div>\n\n\n<p>ADEPAC es coordinado por Juan Carlos Alonso, psic\u00f3logo y analista junguiano, miembro fundador y director de esta comunidad.<\/p>\n\n\n\n<p>Su acercamiento a la obra de Carl Gustav Jung comenz\u00f3 a comienzos de la d\u00e9cada de 1990, a partir de una lectura sistem\u00e1tica y sostenida de sus escritos y de la participaci\u00f3n en procesos personales de an\u00e1lisis. En 2005 creo el grupo que actualmente se constituy\u00f3 como Amigos de la Psicolog\u00eda Anal\u00edtica en Colombia. Desde entonces ha coordinado de manera ininterrumpida grupos de estudio, seminarios y espacios de reflexi\u00f3n en torno a la Psicolog\u00eda Anal\u00edtica, integrando dimensiones cl\u00ednicas, simb\u00f3licas, culturales y espirituales.<\/p>\n\n\n\n<p>Realiz\u00f3 su formaci\u00f3n como Analista Junguianoen el marco de la <em>International Association for Analytical Psychology (IAAP)<\/em>, certific\u00e1ndose en agosto de 2013, siendo el primer colombiano en culminar este proceso. En 2016 particip\u00f3 en la conformaci\u00f3n de la Sociedad Colombiana de Analistas Junguianos (SCAJ), la cual tiene actualmente el aval de la <a href=\"https:\/\/www.scaj.com.co\/\">IAAP<\/a> (International Association for Analytical Psychology) con sede en Suiza, para formar nuevos analistas junguianos en Colombia.<\/p>\n\n\n\n<p>Es autor del libro <em>Psicolog\u00eda Junguiana: teor\u00eda, pr\u00e1ctica y aplicaciones<\/em> (2018) y editor y coautor de <em>Trauma en la primera infancia: an\u00e1lisis psicol\u00f3gico junguiano<\/em> (2017), adem\u00e1s de diversos art\u00edculos publicados en revistas acad\u00e9micas.<\/p>\n\n\n\n<p>Actualmente ejerce la psicoterapia en consulta privada, en modalidad tanto presencial como virtual.<\/p>\n","protected":false},"excerpt":{"rendered":"<p>ADEPAC es coordinado por Juan Carlos Alonso, psic\u00f3logo y analista junguiano, miembro fundador y director de esta comunidad. Su acercamiento a la obra de Carl Gustav Jung comenz\u00f3 a comienzos de la d\u00e9cada de 1990, a partir de una lectura &hellip; <a href=\"https:\/\/www.adepac.org\/inicio\/comunidad-adepac\/coordinacion-adepac\/\">Sigue leyendo <span class=\"meta-nav\">&rarr;<\/span><\/a><\/p>\n","protected":false},"author":1,"featured_media":0,"parent":2851,"menu_order":0,"comment_status":"closed","ping_status":"closed","template":"","meta":{"footnotes":""},"class_list":["post-10210","page","type-page","status-publish","hentry"],"_links":{"self":[{"href":"https:\/\/www.adepac.org\/inicio\/wp-json\/wp\/v2\/pages\/10210","targetHints":{"allow":["GET"]}}],"collection":[{"href":"https:\/\/www.adepac.org\/inicio\/wp-json\/wp\/v2\/pages"}],"about":[{"href":"https:\/\/www.adepac.org\/inicio\/wp-json\/wp\/v2\/types\/page"}],"author":[{"embeddable":true,"href":"https:\/\/www.adepac.org\/inicio\/wp-json\/wp\/v2\/users\/1"}],"replies":[{"embeddable":true,"href":"https:\/\/www.adepac.org\/inicio\/wp-json\/wp\/v2\/comments?post=10210"}],"version-history":[{"count":2,"href":"https:\/\/www.adepac.org\/inicio\/wp-json\/wp\/v2\/pages\/10210\/revisions"}],"predecessor-version":[{"id":10216,"href":"https:\/\/www.adepac.org\/inicio\/wp-json\/wp\/v2\/pages\/10210\/revisions\/10216"}],"up":[{"embeddable":true,"href":"https:\/\/www.adepac.org\/inicio\/wp-json\/wp\/v2\/pages\/2851"}],"wp:attachment":[{"href":"https:\/\/www.adepac.org\/inicio\/wp-json\/wp\/v2\/media?parent=10210"}],"curies":[{"name":"wp","href":"https:\/\/api.w.org\/{rel}","templated":true}]}}